{"id":9,"date":"2011-09-10T21:47:59","date_gmt":"2011-09-10T19:47:59","guid":{"rendered":"http:\/\/opck.sdh-velesin.net\/?page_id=9"},"modified":"2011-10-29T19:16:07","modified_gmt":"2011-10-29T17:16:07","slug":"galerie","status":"publish","type":"page","link":"http:\/\/opck.sdh-velesin.net\/?page_id=9","title":{"rendered":"Galerie"},"content":{"rendered":"<p>Galerii si zvolte v horn\u00edm rozbalovac\u00edm menu, nebo pou\u017eijte odkazy n\u00ed\u017ee.<\/p>\n<p>Fotogalerie 2011 &#8211; <a href=\"http:\/\/opck.sdh-velesin.net\/?page_id=24\">ZDE<\/a><br \/>\nVideogalerie &#8211; <a href=\"http:\/\/opck.sdh-velesin.net\/?page_id=61\">ZDE<\/a><\/p>\n<p>Odkaz na galerii SDH Vele\u0161\u00edn: <a href=\"http:\/\/icisah.rajce.idnes.cz\/\" target=\"_blank\">http:\/\/icisah.rajce.idnes.cz\/<\/a>\u00a0 , <a href=\"http:\/\/zacisdhvelesin.rajce.idnes.cz\/\" target=\"_blank\">http:\/\/zacisdhvelesin.rajce.idnes.cz\/<\/a><br \/>\nOdkaz na galerii SDH Doln\u00ed Dvo\u0159i\u0161t\u011b: <a href=\"http:\/\/sdhdolnidvoriste.rajce.idnes.cz\" target=\"_blank\">http:\/\/sdhdolnidvoriste.rajce.idnes.cz<\/a><\/p>\n<p>P\u0159\u00edsp\u011bvky do galerie mi m\u016f\u017eete zas\u00edlat na e-mail: <a href=\"mailto: Ptakopis@seznam.cz\" target=\"_blank\">Ptakopis@seznam.cz<\/a><\/p>\n","protected":false},"excerpt":{"rendered":"<p>Galerii si zvolte v horn\u00edm rozbalovac\u00edm menu, nebo pou\u017eijte odkazy n\u00ed\u017ee. Fotogalerie 2011 &#8211; ZDE Videogalerie &#8211; ZDE Odkaz na galerii SDH Vele\u0161\u00edn: http:\/\/icisah.rajce.idnes.cz\/\u00a0 , http:\/\/zacisdhvelesin.rajce.idnes.cz\/ Odkaz na galerii SDH Doln\u00ed Dvo\u0159i\u0161t\u011b: http:\/\/sdhdolnidvoriste.rajce.idnes.cz P\u0159\u00edsp\u011bvky do galerie mi m\u016f\u017eete zas\u00edlat na &hellip; <a href=\"http:\/\/opck.sdh-velesin.net\/?page_id=9\">Cel\u00fd p\u0159\u00edsp\u011bvek <span class=\"meta-nav\">&rarr;<\/span><\/a><\/p>\n","protected":false},"author":1,"featured_media":0,"parent":0,"menu_order":3,"comment_status":"closed","ping_status":"closed","template":"","meta":{"footnotes":""},"_links":{"self":[{"href":"http:\/\/opck.sdh-velesin.net\/index.php?rest_route=\/wp\/v2\/pages\/9"}],"collection":[{"href":"http:\/\/opck.sdh-velesin.net\/index.php?rest_route=\/wp\/v2\/pages"}],"about":[{"href":"http:\/\/opck.sdh-velesin.net\/index.php?rest_route=\/wp\/v2\/types\/page"}],"author":[{"embeddable":true,"href":"http:\/\/opck.sdh-velesin.net\/index.php?rest_route=\/wp\/v2\/users\/1"}],"replies":[{"embeddable":true,"href":"http:\/\/opck.sdh-velesin.net\/index.php?rest_route=%2Fwp%2Fv2%2Fcomments&post=9"}],"version-history":[{"count":8,"href":"http:\/\/opck.sdh-velesin.net\/index.php?rest_route=\/wp\/v2\/pages\/9\/revisions"}],"predecessor-version":[{"id":68,"href":"http:\/\/opck.sdh-velesin.net\/index.php?rest_route=\/wp\/v2\/pages\/9\/revisions\/68"}],"wp:attachment":[{"href":"http:\/\/opck.sdh-velesin.net\/index.php?rest_route=%2Fwp%2Fv2%2Fmedia&parent=9"}],"curies":[{"name":"wp","href":"https:\/\/api.w.org\/{rel}","templated":true}]}}