{"id":45,"date":"2011-09-10T22:43:15","date_gmt":"2011-09-10T20:43:15","guid":{"rendered":"http:\/\/opck.sdh-velesin.net\/?page_id=45"},"modified":"2013-05-02T21:46:36","modified_gmt":"2013-05-02T19:46:36","slug":"diskuzni-kniha","status":"publish","type":"page","link":"http:\/\/opck.sdh-velesin.net\/?page_id=45","title":{"rendered":"Diskuze"},"content":{"rendered":"<p>Zde si m\u016f\u017eeme pov\u00eddat o pravidlech, chyb\u00e1ch, \u00fasp\u011b\u0161\u00edch, m\u016f\u017eeme p\u0159id\u00e1vat odkazy na videa, fotky, vtipy&#8230;no prost\u011b v\u0161e co V\u00e1s napadne.<\/p>\n","protected":false},"excerpt":{"rendered":"<p>Zde si m\u016f\u017eeme pov\u00eddat o pravidlech, chyb\u00e1ch, \u00fasp\u011b\u0161\u00edch, m\u016f\u017eeme p\u0159id\u00e1vat odkazy na videa, fotky, vtipy&#8230;no prost\u011b v\u0161e co V\u00e1s napadne.<\/p>\n","protected":false},"author":1,"featured_media":0,"parent":0,"menu_order":6,"comment_status":"open","ping_status":"closed","template":"","meta":{"footnotes":""},"_links":{"self":[{"href":"http:\/\/opck.sdh-velesin.net\/index.php?rest_route=\/wp\/v2\/pages\/45"}],"collection":[{"href":"http:\/\/opck.sdh-velesin.net\/index.php?rest_route=\/wp\/v2\/pages"}],"about":[{"href":"http:\/\/opck.sdh-velesin.net\/index.php?rest_route=\/wp\/v2\/types\/page"}],"author":[{"embeddable":true,"href":"http:\/\/opck.sdh-velesin.net\/index.php?rest_route=\/wp\/v2\/users\/1"}],"replies":[{"embeddable":true,"href":"http:\/\/opck.sdh-velesin.net\/index.php?rest_route=%2Fwp%2Fv2%2Fcomments&post=45"}],"version-history":[{"count":4,"href":"http:\/\/opck.sdh-velesin.net\/index.php?rest_route=\/wp\/v2\/pages\/45\/revisions"}],"predecessor-version":[{"id":144,"href":"http:\/\/opck.sdh-velesin.net\/index.php?rest_route=\/wp\/v2\/pages\/45\/revisions\/144"}],"wp:attachment":[{"href":"http:\/\/opck.sdh-velesin.net\/index.php?rest_route=%2Fwp%2Fv2%2Fmedia&parent=45"}],"curies":[{"name":"wp","href":"https:\/\/api.w.org\/{rel}","templated":true}]}}