{"id":119,"date":"2012-04-21T21:34:59","date_gmt":"2012-04-21T19:34:59","guid":{"rendered":"http:\/\/opck.sdh-velesin.net\/?page_id=119"},"modified":"2012-10-05T21:44:19","modified_gmt":"2012-10-05T19:44:19","slug":"fotogalerie-2012","status":"publish","type":"page","link":"http:\/\/opck.sdh-velesin.net\/?page_id=119","title":{"rendered":"Fotogalerie 2012"},"content":{"rendered":"<ul>\n<li><strong>OP Vele\u0161\u00edn &#8211; 22.9.2012<\/strong><\/li>\n<\/ul>\n<p>Petr Sk\u0159iv\u00e1nek &#8211; <a href=\"http:\/\/icisah.rajce.idnes.cz\/Velesin_MH_-_22.9.2012\/\" target=\"_blank\">http:\/\/icisah.rajce.idnes.cz\/Velesin_MH_-_22.9.2012\/<\/a><\/p>\n<ul>\n<li><strong>OP D. Dvo\u0159i\u0161t\u011b &#8211; 8.9.2012<\/strong><\/li>\n<\/ul>\n<p>Petr Sk\u0159iv\u00e1nek &#8211; dod\u00e1m<\/p>\n<ul>\n<li><strong>OP Chlum &#8211; 9.6.2012<\/strong><\/li>\n<\/ul>\n<p>Petr Sk\u0159iv\u00e1nek &#8211; <a href=\"http:\/\/icisah.rajce.idnes.cz\/Chlum_MH_-_9.6.2012\/\" target=\"_blank\">http:\/\/icisah.rajce.idnes.cz\/Chlum_MH_-_9.6.2012\/<\/a><\/p>\n<ul>\n<li><strong>PLAMEN Jarn\u00ed kolo &#8211; 19.5.2012<\/strong><\/li>\n<\/ul>\n<p>Petr Sk\u0159iv\u00e1nek &#8211; <a href=\"http:\/\/icisah.rajce.idnes.cz\/Jarni_kolo_PLAMEN_-_19.5.2012\/\" target=\"_blank\">http:\/\/icisah.rajce.idnes.cz\/Jarni_kolo_PLAMEN_-_19.5.2012\/<\/a><\/p>\n<ul>\n<li><strong>OP Net\u0159ebice &#8211; 5.5.2012<\/strong><\/li>\n<\/ul>\n<p>Petr Sk\u0159iv\u00e1nek &#8211; <a href=\"http:\/\/icisah.rajce.idnes.cz\/Netrebice_-_5.5.2012\/\" target=\"_blank\">http:\/\/icisah.rajce.idnes.cz\/Netrebice_-_5.5.2012\/<\/a><\/p>\n<ul>\n<li><strong>OP Omlenice &#8211; 21.4.2012<\/strong><\/li>\n<\/ul>\n<address>Petr Sk\u0159iv\u00e1nek &#8211; <a href=\"http:\/\/icisah.rajce.idnes.cz\/Omlenice_MH_-_21.4.2012\" target=\"_blank\">http:\/\/icisah.rajce.idnes.cz\/Omlenice_MH_-_21.4.2012<br \/>\n<\/a>Radek Schwarz &#8211; <a href=\"http:\/\/sdhdolnidvoriste.rajce.idnes.cz\/1.kolo_okresniho_poharu_2012-_Omlenice\" target=\"_blank\">http:\/\/sdhdolnidvoriste.rajce.idnes.cz\/1.kolo_okresniho_poharu_2012-_Omlenice<\/a><\/address>\n<p>Odkaz na galerii SDH Doln\u00ed Dvo\u0159i\u0161t\u011b: <a href=\"http:\/\/sdhdolnidvoriste.rajce.idnes.cz\" target=\"_blank\">http:\/\/sdhdolnidvoriste.rajce.idnes.cz<\/a><\/p>\n","protected":false},"excerpt":{"rendered":"<p>OP Vele\u0161\u00edn &#8211; 22.9.2012 Petr Sk\u0159iv\u00e1nek &#8211; http:\/\/icisah.rajce.idnes.cz\/Velesin_MH_-_22.9.2012\/ OP D. Dvo\u0159i\u0161t\u011b &#8211; 8.9.2012 Petr Sk\u0159iv\u00e1nek &#8211; dod\u00e1m OP Chlum &#8211; 9.6.2012 Petr Sk\u0159iv\u00e1nek &#8211; http:\/\/icisah.rajce.idnes.cz\/Chlum_MH_-_9.6.2012\/ PLAMEN Jarn\u00ed kolo &#8211; 19.5.2012 Petr Sk\u0159iv\u00e1nek &#8211; http:\/\/icisah.rajce.idnes.cz\/Jarni_kolo_PLAMEN_-_19.5.2012\/ OP Net\u0159ebice &#8211; 5.5.2012 Petr Sk\u0159iv\u00e1nek &hellip; <a href=\"http:\/\/opck.sdh-velesin.net\/?page_id=119\">Cel\u00fd p\u0159\u00edsp\u011bvek <span class=\"meta-nav\">&rarr;<\/span><\/a><\/p>\n","protected":false},"author":1,"featured_media":0,"parent":9,"menu_order":1,"comment_status":"closed","ping_status":"closed","template":"","meta":{"footnotes":""},"_links":{"self":[{"href":"http:\/\/opck.sdh-velesin.net\/index.php?rest_route=\/wp\/v2\/pages\/119"}],"collection":[{"href":"http:\/\/opck.sdh-velesin.net\/index.php?rest_route=\/wp\/v2\/pages"}],"about":[{"href":"http:\/\/opck.sdh-velesin.net\/index.php?rest_route=\/wp\/v2\/types\/page"}],"author":[{"embeddable":true,"href":"http:\/\/opck.sdh-velesin.net\/index.php?rest_route=\/wp\/v2\/users\/1"}],"replies":[{"embeddable":true,"href":"http:\/\/opck.sdh-velesin.net\/index.php?rest_route=%2Fwp%2Fv2%2Fcomments&post=119"}],"version-history":[{"count":7,"href":"http:\/\/opck.sdh-velesin.net\/index.php?rest_route=\/wp\/v2\/pages\/119\/revisions"}],"predecessor-version":[{"id":126,"href":"http:\/\/opck.sdh-velesin.net\/index.php?rest_route=\/wp\/v2\/pages\/119\/revisions\/126"}],"up":[{"embeddable":true,"href":"http:\/\/opck.sdh-velesin.net\/index.php?rest_route=\/wp\/v2\/pages\/9"}],"wp:attachment":[{"href":"http:\/\/opck.sdh-velesin.net\/index.php?rest_route=%2Fwp%2Fv2%2Fmedia&parent=119"}],"curies":[{"name":"wp","href":"https:\/\/api.w.org\/{rel}","templated":true}]}}